{"id":189,"date":"2019-03-22T20:33:13","date_gmt":"2019-03-22T19:33:13","guid":{"rendered":"http:\/\/champagne-fabrice-etienne.com\/?page_id=189"},"modified":"2020-12-30T16:51:18","modified_gmt":"2020-12-30T15:51:18","slug":"nous-decouvrir","status":"publish","type":"page","link":"https:\/\/www.champagne-fabrice-etienne.com\/en\/nous-decouvrir\/","title":{"rendered":"Discover us"},"content":{"rendered":"<p>Notre famille&nbsp;!<br \/>\n\t\t\t\t\t\t\t\t\t\t<img decoding=\"async\" width=\"200\" height=\"300\" src=\"https:\/\/www.champagne-fabrice-etienne.com\/wp-content\/uploads\/personnes\/49844968_2173535309641864_7769591753950101504_n-200x300.jpg\" alt=\"\" loading=\"lazy\" srcset=\"https:\/\/www.champagne-fabrice-etienne.com\/wp-content\/uploads\/personnes\/49844968_2173535309641864_7769591753950101504_n-200x300.jpg 200w, https:\/\/www.champagne-fabrice-etienne.com\/wp-content\/uploads\/personnes\/49844968_2173535309641864_7769591753950101504_n-500x750.jpg 500w, https:\/\/www.champagne-fabrice-etienne.com\/wp-content\/uploads\/personnes\/49844968_2173535309641864_7769591753950101504_n-700x1050.jpg 700w, https:\/\/www.champagne-fabrice-etienne.com\/wp-content\/uploads\/personnes\/49844968_2173535309641864_7769591753950101504_n-768x1152.jpg 768w, https:\/\/www.champagne-fabrice-etienne.com\/wp-content\/uploads\/personnes\/49844968_2173535309641864_7769591753950101504_n-686x1030.jpg 686w, https:\/\/www.champagne-fabrice-etienne.com\/wp-content\/uploads\/personnes\/49844968_2173535309641864_7769591753950101504_n-400x600.jpg 400w, https:\/\/www.champagne-fabrice-etienne.com\/wp-content\/uploads\/personnes\/49844968_2173535309641864_7769591753950101504_n-600x900.jpg 600w, https:\/\/www.champagne-fabrice-etienne.com\/wp-content\/uploads\/personnes\/49844968_2173535309641864_7769591753950101504_n-800x1200.jpg 800w, https:\/\/www.champagne-fabrice-etienne.com\/wp-content\/uploads\/personnes\/49844968_2173535309641864_7769591753950101504_n-1200x1800.jpg 1200w\" sizes=\"(max-width: 200px) 100vw, 200px\" \/>\t\t\t\t\t\t\t\t\t\t\t<\/p>\n<h2>Fabrice Etienne<\/h2>\n<p>The patriarch of the family, he embarked on the culture of the vineyard following his father Roger, who knew how to give him the taste of the work of the vine.<\/p>\n<p>Une fois ces dipl\u00f4mes obtenus, il se lance donc seul dans la culture de la vigne et d\u00e9butera avec une petite parcelle de vigne laiss\u00e9e par son p\u00e8re, il travaillera dur toute sa vie pour acqu\u00e9rir la belle exploitation qu&rsquo;est la n\u00f4tre aujourd&rsquo;hui, \u00e0 l&rsquo;aube de la retraite, il ne compte tout de m\u00eame pas s&rsquo;arr\u00eater l\u00e0 et reste tr\u00e8s pr\u00e9sent au sein de l&rsquo;entreprise familiale&nbsp;!<\/p>\n<p>\t\t\t\t\t\t\t\t\t\t<img decoding=\"async\" width=\"200\" height=\"300\" src=\"https:\/\/www.champagne-fabrice-etienne.com\/wp-content\/uploads\/personnes\/50201686_538729049940202_3511359377657298944_n-200x300.jpg\" alt=\"\" loading=\"lazy\" srcset=\"https:\/\/www.champagne-fabrice-etienne.com\/wp-content\/uploads\/personnes\/50201686_538729049940202_3511359377657298944_n-200x300.jpg 200w, https:\/\/www.champagne-fabrice-etienne.com\/wp-content\/uploads\/personnes\/50201686_538729049940202_3511359377657298944_n-500x750.jpg 500w, https:\/\/www.champagne-fabrice-etienne.com\/wp-content\/uploads\/personnes\/50201686_538729049940202_3511359377657298944_n-700x1050.jpg 700w, https:\/\/www.champagne-fabrice-etienne.com\/wp-content\/uploads\/personnes\/50201686_538729049940202_3511359377657298944_n-768x1152.jpg 768w, https:\/\/www.champagne-fabrice-etienne.com\/wp-content\/uploads\/personnes\/50201686_538729049940202_3511359377657298944_n-686x1030.jpg 686w, https:\/\/www.champagne-fabrice-etienne.com\/wp-content\/uploads\/personnes\/50201686_538729049940202_3511359377657298944_n-400x600.jpg 400w, https:\/\/www.champagne-fabrice-etienne.com\/wp-content\/uploads\/personnes\/50201686_538729049940202_3511359377657298944_n-600x900.jpg 600w, https:\/\/www.champagne-fabrice-etienne.com\/wp-content\/uploads\/personnes\/50201686_538729049940202_3511359377657298944_n-800x1200.jpg 800w, https:\/\/www.champagne-fabrice-etienne.com\/wp-content\/uploads\/personnes\/50201686_538729049940202_3511359377657298944_n-1200x1800.jpg 1200w\" sizes=\"(max-width: 200px) 100vw, 200px\" \/>\t\t\t\t\t\t\t\t\t\t\t<\/p>\n<h2>Viviane Etienne<\/h2>\n<p>Mari\u00e9e \u00e0 Fabrice depuis 35 ans, c&rsquo;est entre les rangs de vignes qu&rsquo;ils se sont rencontr\u00e9s&nbsp;!!<\/p>\n<p>Viviane a travaill\u00e9e toute sa vie aux c\u00f4t\u00e9s de Fabrice sur l&rsquo;exploitation et \u00e0 beaucoup contribuer au d\u00e9veloppement commercial de la marque Fabrice Etienne, c&rsquo;est elle qui a d&rsquo;ailleurs pouss\u00e9e son mari \u00e0 se lancer dans la champagnisation de leur vin, Viviane a r\u00e9ussi au fil des ann\u00e9es \u00e0 construire une client\u00e8le fid\u00e8le, ceci en partie gr\u00e2ce \u00e0 son accueil toujours chaleureux et \u00e0 sa gentillesse<\/p>\n<p>\t\t\t\t\t\t\t\t\t\t<img decoding=\"async\" width=\"200\" height=\"300\" src=\"https:\/\/www.champagne-fabrice-etienne.com\/wp-content\/uploads\/personnes\/50075712_464296410772014_3969450328771788800_n-200x300.jpg\" alt=\"\" loading=\"lazy\" srcset=\"https:\/\/www.champagne-fabrice-etienne.com\/wp-content\/uploads\/personnes\/50075712_464296410772014_3969450328771788800_n-200x300.jpg 200w, https:\/\/www.champagne-fabrice-etienne.com\/wp-content\/uploads\/personnes\/50075712_464296410772014_3969450328771788800_n-500x750.jpg 500w, https:\/\/www.champagne-fabrice-etienne.com\/wp-content\/uploads\/personnes\/50075712_464296410772014_3969450328771788800_n-700x1050.jpg 700w, https:\/\/www.champagne-fabrice-etienne.com\/wp-content\/uploads\/personnes\/50075712_464296410772014_3969450328771788800_n-768x1152.jpg 768w, https:\/\/www.champagne-fabrice-etienne.com\/wp-content\/uploads\/personnes\/50075712_464296410772014_3969450328771788800_n-686x1030.jpg 686w, https:\/\/www.champagne-fabrice-etienne.com\/wp-content\/uploads\/personnes\/50075712_464296410772014_3969450328771788800_n-400x600.jpg 400w, https:\/\/www.champagne-fabrice-etienne.com\/wp-content\/uploads\/personnes\/50075712_464296410772014_3969450328771788800_n-600x900.jpg 600w, https:\/\/www.champagne-fabrice-etienne.com\/wp-content\/uploads\/personnes\/50075712_464296410772014_3969450328771788800_n-800x1200.jpg 800w, https:\/\/www.champagne-fabrice-etienne.com\/wp-content\/uploads\/personnes\/50075712_464296410772014_3969450328771788800_n-1200x1800.jpg 1200w\" sizes=\"(max-width: 200px) 100vw, 200px\" \/>\t\t\t\t\t\t\t\t\t\t\t<\/p>\n<h2>C\u00e9dric Etienne<\/h2>\n<p>A\u00een\u00e9 de la fratrie, C\u00e9dric est tomb\u00e9 dans le travail de la vigne d\u00e8s tout petit, il a suivi son cursus scolaire dans un lyc\u00e9e viticole o\u00f9 il a obtenu ces dipl\u00f4mes (BEPA,CCTAR&#8230;) pour ensuite s&rsquo;installer d\u00e8s ses 16 ans, pour travailler aux c\u00f4t\u00e9s de ses parents sur l&rsquo;exploitation familiale. A 34 ans, il est maintenant le G\u00e9rant de l&rsquo;exploitation.<\/p>\n<p>\t\t\t\t\t\t\t\t\t\t<img decoding=\"async\" width=\"200\" height=\"300\" src=\"https:\/\/www.champagne-fabrice-etienne.com\/wp-content\/uploads\/personnes\/49848358_2283143725343964_3975610368436207616_n-200x300.jpg\" alt=\"\" loading=\"lazy\" srcset=\"https:\/\/www.champagne-fabrice-etienne.com\/wp-content\/uploads\/personnes\/49848358_2283143725343964_3975610368436207616_n-200x300.jpg 200w, https:\/\/www.champagne-fabrice-etienne.com\/wp-content\/uploads\/personnes\/49848358_2283143725343964_3975610368436207616_n-500x750.jpg 500w, https:\/\/www.champagne-fabrice-etienne.com\/wp-content\/uploads\/personnes\/49848358_2283143725343964_3975610368436207616_n-700x1050.jpg 700w, https:\/\/www.champagne-fabrice-etienne.com\/wp-content\/uploads\/personnes\/49848358_2283143725343964_3975610368436207616_n-768x1152.jpg 768w, https:\/\/www.champagne-fabrice-etienne.com\/wp-content\/uploads\/personnes\/49848358_2283143725343964_3975610368436207616_n-686x1030.jpg 686w, https:\/\/www.champagne-fabrice-etienne.com\/wp-content\/uploads\/personnes\/49848358_2283143725343964_3975610368436207616_n-400x600.jpg 400w, https:\/\/www.champagne-fabrice-etienne.com\/wp-content\/uploads\/personnes\/49848358_2283143725343964_3975610368436207616_n-600x900.jpg 600w, https:\/\/www.champagne-fabrice-etienne.com\/wp-content\/uploads\/personnes\/49848358_2283143725343964_3975610368436207616_n-800x1200.jpg 800w, https:\/\/www.champagne-fabrice-etienne.com\/wp-content\/uploads\/personnes\/49848358_2283143725343964_3975610368436207616_n-1200x1800.jpg 1200w\" sizes=\"(max-width: 200px) 100vw, 200px\" \/>\t\t\t\t\t\t\t\t\t\t\t<\/p>\n<h2>Sandra Etienne<\/h2>\n<p>Premi\u00e8re fille de la famille, la cadette de la fratrie a dirig\u00e9es ses \u00e9tudes dans le milieu param\u00e9dical et social, apr\u00e8s l&rsquo;obtention de son dipl\u00f4me de pr\u00e9paratrice en pharmacie et apr\u00e8s avoir travaill\u00e9e en pharmacie quelques temps, elle a voulu retrouver l&rsquo;esprit familial de l&rsquo;entreprise et s&rsquo;est install\u00e9e en 2015 aux c\u00f4t\u00e9s du reste de la famille, \u00e0 l&rsquo;heure d&rsquo;aujourd&rsquo;hui elle partage son temps entre la pharmacie et le domaine viticole de la famille.<\/p>\n<p>\t\t\t\t\t\t\t\t\t\t<img decoding=\"async\" width=\"200\" height=\"300\" src=\"https:\/\/www.champagne-fabrice-etienne.com\/wp-content\/uploads\/personnes\/50091107_2271597586462980_705441772708298752_n-200x300.jpg\" alt=\"\" loading=\"lazy\" srcset=\"https:\/\/www.champagne-fabrice-etienne.com\/wp-content\/uploads\/personnes\/50091107_2271597586462980_705441772708298752_n-200x300.jpg 200w, https:\/\/www.champagne-fabrice-etienne.com\/wp-content\/uploads\/personnes\/50091107_2271597586462980_705441772708298752_n-500x750.jpg 500w, https:\/\/www.champagne-fabrice-etienne.com\/wp-content\/uploads\/personnes\/50091107_2271597586462980_705441772708298752_n-700x1050.jpg 700w, https:\/\/www.champagne-fabrice-etienne.com\/wp-content\/uploads\/personnes\/50091107_2271597586462980_705441772708298752_n-768x1152.jpg 768w, https:\/\/www.champagne-fabrice-etienne.com\/wp-content\/uploads\/personnes\/50091107_2271597586462980_705441772708298752_n-686x1030.jpg 686w, https:\/\/www.champagne-fabrice-etienne.com\/wp-content\/uploads\/personnes\/50091107_2271597586462980_705441772708298752_n-400x600.jpg 400w, https:\/\/www.champagne-fabrice-etienne.com\/wp-content\/uploads\/personnes\/50091107_2271597586462980_705441772708298752_n-600x900.jpg 600w, https:\/\/www.champagne-fabrice-etienne.com\/wp-content\/uploads\/personnes\/50091107_2271597586462980_705441772708298752_n-800x1200.jpg 800w, https:\/\/www.champagne-fabrice-etienne.com\/wp-content\/uploads\/personnes\/50091107_2271597586462980_705441772708298752_n-1200x1800.jpg 1200w\" sizes=\"(max-width: 200px) 100vw, 200px\" \/>\t\t\t\t\t\t\t\t\t\t\t<\/p>\n<h2>Elodie Etienne<\/h2>\n<p>Compagne de C\u00e9dric depuis plus de 13 ans et maman de leurs trois enfants, Elodie est arriv\u00e9e sur l&rsquo;exploitation en 2010 pour aider la famille, s&rsquo;impliquant autant dans le travail de la vigne, que dans l&rsquo;aspect commercial et comptable de l&rsquo;entreprise.<\/p>\n<p>\t\t\t\t\t\t\t\t\t\t<img decoding=\"async\" width=\"200\" height=\"300\" src=\"https:\/\/www.champagne-fabrice-etienne.com\/wp-content\/uploads\/personnes\/49235760_989679457894264_2903346210754527232_n-200x300.jpg\" alt=\"\" loading=\"lazy\" srcset=\"https:\/\/www.champagne-fabrice-etienne.com\/wp-content\/uploads\/personnes\/49235760_989679457894264_2903346210754527232_n-200x300.jpg 200w, https:\/\/www.champagne-fabrice-etienne.com\/wp-content\/uploads\/personnes\/49235760_989679457894264_2903346210754527232_n-500x750.jpg 500w, https:\/\/www.champagne-fabrice-etienne.com\/wp-content\/uploads\/personnes\/49235760_989679457894264_2903346210754527232_n-700x1050.jpg 700w, https:\/\/www.champagne-fabrice-etienne.com\/wp-content\/uploads\/personnes\/49235760_989679457894264_2903346210754527232_n-768x1152.jpg 768w, https:\/\/www.champagne-fabrice-etienne.com\/wp-content\/uploads\/personnes\/49235760_989679457894264_2903346210754527232_n-686x1030.jpg 686w, https:\/\/www.champagne-fabrice-etienne.com\/wp-content\/uploads\/personnes\/49235760_989679457894264_2903346210754527232_n-400x600.jpg 400w, https:\/\/www.champagne-fabrice-etienne.com\/wp-content\/uploads\/personnes\/49235760_989679457894264_2903346210754527232_n-600x900.jpg 600w, https:\/\/www.champagne-fabrice-etienne.com\/wp-content\/uploads\/personnes\/49235760_989679457894264_2903346210754527232_n-800x1200.jpg 800w, https:\/\/www.champagne-fabrice-etienne.com\/wp-content\/uploads\/personnes\/49235760_989679457894264_2903346210754527232_n-1200x1800.jpg 1200w\" sizes=\"(max-width: 200px) 100vw, 200px\" \/>\t\t\t\t\t\t\t\t\t\t\t<\/p>\n<h2>Emilie Etienne<\/h2>\n<p>Benjamine of the family, Emilie is our little bit of woman of 20 years, following studies in hairdressing, but who does not hesitate to invest a lot and to help in all the work of the exploitation that it is in the vines, dressing bottles or to help at fairs.<\/p>","protected":false},"excerpt":{"rendered":"<p>Notre famille ! Fabrice Etienne Le Patriarche de la famille, il s&rsquo;est lanc\u00e9 dans la culture de la vigne \u00e0 la suite de son p\u00e8re Roger, qui a su lui donner le go\u00fbt du travail de la vigne.Une fois ces dipl\u00f4mes obtenus, il se lance donc seul dans la culture de la vigne et d\u00e9butera [&hellip;]<\/p>\n","protected":false},"author":7,"featured_media":0,"parent":0,"menu_order":0,"comment_status":"closed","ping_status":"closed","template":"","meta":{"_et_pb_use_builder":"on","_et_pb_old_content":"Notre famille !\t\t\t\n\t\t\t\t\t\t\t\t\t\t<img width=\"200\" height=\"300\" src=\"https:\/\/www.champagne-fabrice-etienne.com\/wp-content\/uploads\/personnes\/49844968_2173535309641864_7769591753950101504_n-200x300.jpg\" alt=\"\" srcset=\"https:\/\/www.champagne-fabrice-etienne.com\/wp-content\/uploads\/personnes\/49844968_2173535309641864_7769591753950101504_n-200x300.jpg 200w, https:\/\/www.champagne-fabrice-etienne.com\/wp-content\/uploads\/personnes\/49844968_2173535309641864_7769591753950101504_n-500x750.jpg 500w, https:\/\/www.champagne-fabrice-etienne.com\/wp-content\/uploads\/personnes\/49844968_2173535309641864_7769591753950101504_n-700x1050.jpg 700w, https:\/\/www.champagne-fabrice-etienne.com\/wp-content\/uploads\/personnes\/49844968_2173535309641864_7769591753950101504_n-768x1152.jpg 768w, https:\/\/www.champagne-fabrice-etienne.com\/wp-content\/uploads\/personnes\/49844968_2173535309641864_7769591753950101504_n-686x1030.jpg 686w, https:\/\/www.champagne-fabrice-etienne.com\/wp-content\/uploads\/personnes\/49844968_2173535309641864_7769591753950101504_n-400x600.jpg 400w, https:\/\/www.champagne-fabrice-etienne.com\/wp-content\/uploads\/personnes\/49844968_2173535309641864_7769591753950101504_n-600x900.jpg 600w, https:\/\/www.champagne-fabrice-etienne.com\/wp-content\/uploads\/personnes\/49844968_2173535309641864_7769591753950101504_n-800x1200.jpg 800w, https:\/\/www.champagne-fabrice-etienne.com\/wp-content\/uploads\/personnes\/49844968_2173535309641864_7769591753950101504_n-1200x1800.jpg 1200w\" sizes=\"(max-width: 200px) 100vw, 200px\" \/>\t\t\t\t\t\t\t\t\t\t\t\n\t\t\t<h2>Fabrice Etienne<\/h2>\t\t\n\t\t<p>Le Patriarche de la famille, il s'est lanc\u00e9 dans la culture de la vigne \u00e0 la suite de son p\u00e8re Roger, qui a su lui donner le go\u00fbt du travail de la vigne.<\/p><p>Une fois ces dipl\u00f4mes obtenus, il se lance donc seul dans la culture de la vigne et d\u00e9butera avec une petite parcelle de vigne laiss\u00e9e par son p\u00e8re, il travaillera dur toute sa vie pour acqu\u00e9rir la belle exploitation qu'est la n\u00f4tre aujourd'hui, \u00e0 l'aube de la retraite, il ne compte tout de m\u00eame pas s'arr\u00eater l\u00e0 et reste tr\u00e8s pr\u00e9sent au sein de l'entreprise familiale !<\/p>\t\t\n\t\t\t\t\t\t\t\t\t\t<img width=\"200\" height=\"300\" src=\"https:\/\/www.champagne-fabrice-etienne.com\/wp-content\/uploads\/personnes\/50201686_538729049940202_3511359377657298944_n-200x300.jpg\" alt=\"\" srcset=\"https:\/\/www.champagne-fabrice-etienne.com\/wp-content\/uploads\/personnes\/50201686_538729049940202_3511359377657298944_n-200x300.jpg 200w, https:\/\/www.champagne-fabrice-etienne.com\/wp-content\/uploads\/personnes\/50201686_538729049940202_3511359377657298944_n-500x750.jpg 500w, https:\/\/www.champagne-fabrice-etienne.com\/wp-content\/uploads\/personnes\/50201686_538729049940202_3511359377657298944_n-700x1050.jpg 700w, https:\/\/www.champagne-fabrice-etienne.com\/wp-content\/uploads\/personnes\/50201686_538729049940202_3511359377657298944_n-768x1152.jpg 768w, https:\/\/www.champagne-fabrice-etienne.com\/wp-content\/uploads\/personnes\/50201686_538729049940202_3511359377657298944_n-686x1030.jpg 686w, https:\/\/www.champagne-fabrice-etienne.com\/wp-content\/uploads\/personnes\/50201686_538729049940202_3511359377657298944_n-400x600.jpg 400w, https:\/\/www.champagne-fabrice-etienne.com\/wp-content\/uploads\/personnes\/50201686_538729049940202_3511359377657298944_n-600x900.jpg 600w, https:\/\/www.champagne-fabrice-etienne.com\/wp-content\/uploads\/personnes\/50201686_538729049940202_3511359377657298944_n-800x1200.jpg 800w, https:\/\/www.champagne-fabrice-etienne.com\/wp-content\/uploads\/personnes\/50201686_538729049940202_3511359377657298944_n-1200x1800.jpg 1200w\" sizes=\"(max-width: 200px) 100vw, 200px\" \/>\t\t\t\t\t\t\t\t\t\t\t\n\t\t\t<h2>Viviane Etienne<\/h2>\t\t\n\t\t<p>Mari\u00e9e \u00e0 Fabrice depuis 35 ans, c'est entre les rangs de vignes qu'ils se sont rencontr\u00e9s !!<\/p>\n<p>Viviane \u00e0 travaill\u00e9e toute sa vie aux c\u00f4t\u00e9s de Fabrice sur l'exploitation et \u00e0 beaucoup contribu\u00e9 au d\u00e9veloppement commercial de la marque <em>Fabrice Etienne<\/em>, c'est elle qui \u00e0 d'ailleurs pouss\u00e9e son mari \u00e0 se lancer dans la champagnisation de leur vin, Viviane \u00e0 su au fil des ann\u00e9es \u00e0 construire une client\u00e8le fid\u00e8le, ceci en partie gr\u00e2ce \u00e0 son accueil toujours chaleureux et \u00e0 sa gentillesse.<\/p>\t\t\n\t\t\t\t\t\t\t\t\t\t<img width=\"200\" height=\"300\" src=\"https:\/\/www.champagne-fabrice-etienne.com\/wp-content\/uploads\/personnes\/50075712_464296410772014_3969450328771788800_n-200x300.jpg\" alt=\"\" srcset=\"https:\/\/www.champagne-fabrice-etienne.com\/wp-content\/uploads\/personnes\/50075712_464296410772014_3969450328771788800_n-200x300.jpg 200w, https:\/\/www.champagne-fabrice-etienne.com\/wp-content\/uploads\/personnes\/50075712_464296410772014_3969450328771788800_n-500x750.jpg 500w, https:\/\/www.champagne-fabrice-etienne.com\/wp-content\/uploads\/personnes\/50075712_464296410772014_3969450328771788800_n-700x1050.jpg 700w, https:\/\/www.champagne-fabrice-etienne.com\/wp-content\/uploads\/personnes\/50075712_464296410772014_3969450328771788800_n-768x1152.jpg 768w, https:\/\/www.champagne-fabrice-etienne.com\/wp-content\/uploads\/personnes\/50075712_464296410772014_3969450328771788800_n-686x1030.jpg 686w, https:\/\/www.champagne-fabrice-etienne.com\/wp-content\/uploads\/personnes\/50075712_464296410772014_3969450328771788800_n-400x600.jpg 400w, https:\/\/www.champagne-fabrice-etienne.com\/wp-content\/uploads\/personnes\/50075712_464296410772014_3969450328771788800_n-600x900.jpg 600w, https:\/\/www.champagne-fabrice-etienne.com\/wp-content\/uploads\/personnes\/50075712_464296410772014_3969450328771788800_n-800x1200.jpg 800w, https:\/\/www.champagne-fabrice-etienne.com\/wp-content\/uploads\/personnes\/50075712_464296410772014_3969450328771788800_n-1200x1800.jpg 1200w\" sizes=\"(max-width: 200px) 100vw, 200px\" \/>\t\t\t\t\t\t\t\t\t\t\t\n\t\t\t<h2>C\u00e9dric Etienne<\/h2>\t\t\n\t\t<p>A\u00een\u00e9 de la fratrie, C\u00e9dric est tomb\u00e9 dans le travail de la vigne d\u00e8s tout petit, il \u00e0 suivi son cursus scolaire dans un lyc\u00e9e viticole ou il \u00e0 obtenu ces dipl\u00f4mes (BEPA,CCTAR...)\u00a0 pour ensuite s'installer d\u00e8s ces 16 ans, pour travailler aux c\u00f4t\u00e9s de ses parents sur l'exploitation familiale. A 34 ans, il est maintenant le G\u00e9rant de l'exploitation.<\/p>\t\t\n\t\t\t\t\t\t\t\t\t\t<img width=\"200\" height=\"300\" src=\"https:\/\/www.champagne-fabrice-etienne.com\/wp-content\/uploads\/personnes\/49848358_2283143725343964_3975610368436207616_n-200x300.jpg\" alt=\"\" srcset=\"https:\/\/www.champagne-fabrice-etienne.com\/wp-content\/uploads\/personnes\/49848358_2283143725343964_3975610368436207616_n-200x300.jpg 200w, https:\/\/www.champagne-fabrice-etienne.com\/wp-content\/uploads\/personnes\/49848358_2283143725343964_3975610368436207616_n-500x750.jpg 500w, https:\/\/www.champagne-fabrice-etienne.com\/wp-content\/uploads\/personnes\/49848358_2283143725343964_3975610368436207616_n-700x1050.jpg 700w, https:\/\/www.champagne-fabrice-etienne.com\/wp-content\/uploads\/personnes\/49848358_2283143725343964_3975610368436207616_n-768x1152.jpg 768w, https:\/\/www.champagne-fabrice-etienne.com\/wp-content\/uploads\/personnes\/49848358_2283143725343964_3975610368436207616_n-686x1030.jpg 686w, https:\/\/www.champagne-fabrice-etienne.com\/wp-content\/uploads\/personnes\/49848358_2283143725343964_3975610368436207616_n-400x600.jpg 400w, https:\/\/www.champagne-fabrice-etienne.com\/wp-content\/uploads\/personnes\/49848358_2283143725343964_3975610368436207616_n-600x900.jpg 600w, https:\/\/www.champagne-fabrice-etienne.com\/wp-content\/uploads\/personnes\/49848358_2283143725343964_3975610368436207616_n-800x1200.jpg 800w, https:\/\/www.champagne-fabrice-etienne.com\/wp-content\/uploads\/personnes\/49848358_2283143725343964_3975610368436207616_n-1200x1800.jpg 1200w\" sizes=\"(max-width: 200px) 100vw, 200px\" \/>\t\t\t\t\t\t\t\t\t\t\t\n\t\t\t<h2>Sandra Etienne<\/h2>\t\t\n\t\t<p>Premi\u00e8re fille de la famille, la cadette de la fratrie \u00e0 dirig\u00e9e ces \u00e9tudes dans le milieu param\u00e9dical et social, apr\u00e8s l'obtention de son dipl\u00f4me de pr\u00e9paratrice en pharmacie et apr\u00e8s avoir travaill\u00e9e en pharmacie quelques temps, elle \u00e0 voulu retrouver l'esprit familial de l'entreprise et s'est install\u00e9e en 2015 aux c\u00f4t\u00e9s du reste de la famille, \u00e0 l'heure d'aujourd'hui elle partage son temps entre la pharmacie et le domaine viticole de la famille.\u00a0<\/p>\t\t\n\t\t\t\t\t\t\t\t\t\t<img width=\"200\" height=\"300\" src=\"https:\/\/www.champagne-fabrice-etienne.com\/wp-content\/uploads\/personnes\/50091107_2271597586462980_705441772708298752_n-200x300.jpg\" alt=\"\" srcset=\"https:\/\/www.champagne-fabrice-etienne.com\/wp-content\/uploads\/personnes\/50091107_2271597586462980_705441772708298752_n-200x300.jpg 200w, https:\/\/www.champagne-fabrice-etienne.com\/wp-content\/uploads\/personnes\/50091107_2271597586462980_705441772708298752_n-500x750.jpg 500w, https:\/\/www.champagne-fabrice-etienne.com\/wp-content\/uploads\/personnes\/50091107_2271597586462980_705441772708298752_n-700x1050.jpg 700w, https:\/\/www.champagne-fabrice-etienne.com\/wp-content\/uploads\/personnes\/50091107_2271597586462980_705441772708298752_n-768x1152.jpg 768w, https:\/\/www.champagne-fabrice-etienne.com\/wp-content\/uploads\/personnes\/50091107_2271597586462980_705441772708298752_n-686x1030.jpg 686w, https:\/\/www.champagne-fabrice-etienne.com\/wp-content\/uploads\/personnes\/50091107_2271597586462980_705441772708298752_n-400x600.jpg 400w, https:\/\/www.champagne-fabrice-etienne.com\/wp-content\/uploads\/personnes\/50091107_2271597586462980_705441772708298752_n-600x900.jpg 600w, https:\/\/www.champagne-fabrice-etienne.com\/wp-content\/uploads\/personnes\/50091107_2271597586462980_705441772708298752_n-800x1200.jpg 800w, https:\/\/www.champagne-fabrice-etienne.com\/wp-content\/uploads\/personnes\/50091107_2271597586462980_705441772708298752_n-1200x1800.jpg 1200w\" sizes=\"(max-width: 200px) 100vw, 200px\" \/>\t\t\t\t\t\t\t\t\t\t\t\n\t\t\t<h2>Elodie Etienne<\/h2>\t\t\n\t\t<p>Compagne de C\u00e9dric depuis plus de 13 ans, et maman de leurs 3 enfants, Elodie est arriv\u00e9e sur l'exploitation en 2010 pour aider la famille, s'impliquant autant dans le travail de la vigne, que dans l'aspect commercial et comptable de l'entreprise.<\/p>\t\t\n\t\t\t\t\t\t\t\t\t\t<img width=\"200\" height=\"300\" src=\"https:\/\/www.champagne-fabrice-etienne.com\/wp-content\/uploads\/personnes\/49235760_989679457894264_2903346210754527232_n-200x300.jpg\" alt=\"\" srcset=\"https:\/\/www.champagne-fabrice-etienne.com\/wp-content\/uploads\/personnes\/49235760_989679457894264_2903346210754527232_n-200x300.jpg 200w, https:\/\/www.champagne-fabrice-etienne.com\/wp-content\/uploads\/personnes\/49235760_989679457894264_2903346210754527232_n-500x750.jpg 500w, https:\/\/www.champagne-fabrice-etienne.com\/wp-content\/uploads\/personnes\/49235760_989679457894264_2903346210754527232_n-700x1050.jpg 700w, https:\/\/www.champagne-fabrice-etienne.com\/wp-content\/uploads\/personnes\/49235760_989679457894264_2903346210754527232_n-768x1152.jpg 768w, https:\/\/www.champagne-fabrice-etienne.com\/wp-content\/uploads\/personnes\/49235760_989679457894264_2903346210754527232_n-686x1030.jpg 686w, https:\/\/www.champagne-fabrice-etienne.com\/wp-content\/uploads\/personnes\/49235760_989679457894264_2903346210754527232_n-400x600.jpg 400w, https:\/\/www.champagne-fabrice-etienne.com\/wp-content\/uploads\/personnes\/49235760_989679457894264_2903346210754527232_n-600x900.jpg 600w, https:\/\/www.champagne-fabrice-etienne.com\/wp-content\/uploads\/personnes\/49235760_989679457894264_2903346210754527232_n-800x1200.jpg 800w, https:\/\/www.champagne-fabrice-etienne.com\/wp-content\/uploads\/personnes\/49235760_989679457894264_2903346210754527232_n-1200x1800.jpg 1200w\" sizes=\"(max-width: 200px) 100vw, 200px\" \/>\t\t\t\t\t\t\t\t\t\t\t\n\t\t\t<h2>Emilie Etienne<\/h2>\t\t\n\t\t<p>Benjamine de la famille, Emilie est notre petit bout de femme de 20 ans, suivant des \u00e9tudes en coiffure, mais qui n'h\u00e9site pas \u00e0 beaucoup s'investir et aider dans tous les travaux de l'exploitation que ce soit dans les vignes, \u00e0 l'habillage des bouteilles ou pour apporter son aide dans les foires.<\/p>","_et_gb_content_width":"","_exactmetrics_skip_tracking":false,"_exactmetrics_sitenote_active":false,"_exactmetrics_sitenote_note":"","_exactmetrics_sitenote_category":0,"footnotes":""},"_links":{"self":[{"href":"https:\/\/www.champagne-fabrice-etienne.com\/en\/wp-json\/wp\/v2\/pages\/189"}],"collection":[{"href":"https:\/\/www.champagne-fabrice-etienne.com\/en\/wp-json\/wp\/v2\/pages"}],"about":[{"href":"https:\/\/www.champagne-fabrice-etienne.com\/en\/wp-json\/wp\/v2\/types\/page"}],"author":[{"embeddable":true,"href":"https:\/\/www.champagne-fabrice-etienne.com\/en\/wp-json\/wp\/v2\/users\/7"}],"replies":[{"embeddable":true,"href":"https:\/\/www.champagne-fabrice-etienne.com\/en\/wp-json\/wp\/v2\/comments?post=189"}],"version-history":[{"count":0,"href":"https:\/\/www.champagne-fabrice-etienne.com\/en\/wp-json\/wp\/v2\/pages\/189\/revisions"}],"wp:attachment":[{"href":"https:\/\/www.champagne-fabrice-etienne.com\/en\/wp-json\/wp\/v2\/media?parent=189"}],"curies":[{"name":"wp","href":"https:\/\/api.w.org\/{rel}","templated":true}]}}