{"id":3604,"date":"2019-08-02T20:25:22","date_gmt":"2019-08-02T18:25:22","guid":{"rendered":"https:\/\/www.champagne-fabrice-etienne.com\/?page_id=3604"},"modified":"2019-10-09T14:26:33","modified_gmt":"2019-10-09T12:26:33","slug":"champagne-reserve-brut","status":"publish","type":"page","link":"https:\/\/www.champagne-fabrice-etienne.com\/en\/champagne-reserve-brut\/","title":{"rendered":"Champagne R\u00e9serve Brut"},"content":{"rendered":"<p><img decoding=\"async\" width=\"225\" height=\"300\" src=\"https:\/\/www.champagne-fabrice-etienne.com\/wp-content\/uploads\/Woocomerce\/Produits\/champagne_reserve-225x300.jpeg\" alt=\"\" srcset=\"https:\/\/www.champagne-fabrice-etienne.com\/wp-content\/uploads\/Woocomerce\/Produits\/champagne_reserve-225x300.jpeg 225w, https:\/\/www.champagne-fabrice-etienne.com\/wp-content\/uploads\/Woocomerce\/Produits\/champagne_reserve-500x667.jpeg 500w, https:\/\/www.champagne-fabrice-etienne.com\/wp-content\/uploads\/Woocomerce\/Produits\/champagne_reserve-700x933.jpeg 700w, https:\/\/www.champagne-fabrice-etienne.com\/wp-content\/uploads\/Woocomerce\/Produits\/champagne_reserve-768x1024.jpeg 768w, https:\/\/www.champagne-fabrice-etienne.com\/wp-content\/uploads\/Woocomerce\/Produits\/champagne_reserve-773x1030.jpeg 773w, https:\/\/www.champagne-fabrice-etienne.com\/wp-content\/uploads\/Woocomerce\/Produits\/champagne_reserve-200x267.jpeg 200w, https:\/\/www.champagne-fabrice-etienne.com\/wp-content\/uploads\/Woocomerce\/Produits\/champagne_reserve-400x533.jpeg 400w, https:\/\/www.champagne-fabrice-etienne.com\/wp-content\/uploads\/Woocomerce\/Produits\/champagne_reserve-600x800.jpeg 600w, https:\/\/www.champagne-fabrice-etienne.com\/wp-content\/uploads\/Woocomerce\/Produits\/champagne_reserve-800x1067.jpeg 800w, https:\/\/www.champagne-fabrice-etienne.com\/wp-content\/uploads\/Woocomerce\/Produits\/champagne_reserve-1200x1600.jpeg 1200w\" sizes=\"(max-width: 225px) 100vw, 225px\" \/>\t\t\t\t\t\t\t\t\t\t\t<\/p>\n<h2>Champagne R\u00e9serve Brut<\/h2>\n<p>This cuv\u00e9e, made from the 3 Champagne grape varieties (Pinot Noir, Pinot Meunier and Chardonnay) is aged 5 years in our cellars.<\/p>\n<p>This Champagne is balanced, complex, with a good length in the mouth.<\/p>\n<p>Ideal for aperitif or any other moment of a meal.<\/p>\n<p>Bouteille&nbsp;: 75 Cl\u00a0<\/p>\n<p>Demi-bouteille&nbsp;: 37.5 Cl<\/p>\n<p>\u00a0Magnum&nbsp;: 1.5 L<\/p>\n<p><u>J\u00e9roboam&nbsp;:<\/u> 3 L<\/p>","protected":false},"excerpt":{"rendered":"<p>Champagne R\u00e9serve Brut Cette cuv\u00e9e, \u00e9labor\u00e9e \u00e0 partir des 3 c\u00e9pages champenois (Pinot Noir, Pinot Meunier et Chardonnay) est \u00e9lev\u00e9e 5 ans dans nos caves. Ce Champagne est \u00e9quilibr\u00e9, complexe, avec une belle longueur en bouche. Id\u00e9al pour ap\u00e9ritif ou tout autre moment d&rsquo;un repas. Bouteille&nbsp;: 75 Cl\u00a0 Demi-bouteille&nbsp;: 37.5 Cl \u00a0Magnum&nbsp;: 1.5 L J\u00e9roboam&nbsp;: [&hellip;]<\/p>\n","protected":false},"author":7,"featured_media":0,"parent":0,"menu_order":0,"comment_status":"closed","ping_status":"closed","template":"","meta":{"_et_pb_use_builder":"","_et_pb_old_content":"","_et_gb_content_width":"","_exactmetrics_skip_tracking":false,"_exactmetrics_sitenote_active":false,"_exactmetrics_sitenote_note":"","_exactmetrics_sitenote_category":0,"footnotes":""},"_links":{"self":[{"href":"https:\/\/www.champagne-fabrice-etienne.com\/en\/wp-json\/wp\/v2\/pages\/3604"}],"collection":[{"href":"https:\/\/www.champagne-fabrice-etienne.com\/en\/wp-json\/wp\/v2\/pages"}],"about":[{"href":"https:\/\/www.champagne-fabrice-etienne.com\/en\/wp-json\/wp\/v2\/types\/page"}],"author":[{"embeddable":true,"href":"https:\/\/www.champagne-fabrice-etienne.com\/en\/wp-json\/wp\/v2\/users\/7"}],"replies":[{"embeddable":true,"href":"https:\/\/www.champagne-fabrice-etienne.com\/en\/wp-json\/wp\/v2\/comments?post=3604"}],"version-history":[{"count":0,"href":"https:\/\/www.champagne-fabrice-etienne.com\/en\/wp-json\/wp\/v2\/pages\/3604\/revisions"}],"wp:attachment":[{"href":"https:\/\/www.champagne-fabrice-etienne.com\/en\/wp-json\/wp\/v2\/media?parent=3604"}],"curies":[{"name":"wp","href":"https:\/\/api.w.org\/{rel}","templated":true}]}}